{"id":56,"date":"2015-11-16T15:32:32","date_gmt":"2015-11-16T15:32:32","guid":{"rendered":"http:\/\/tecnosub.com.br\/?page_id=56"},"modified":"2015-11-23T14:33:08","modified_gmt":"2015-11-23T14:33:08","slug":"pull-in-pull-out","status":"publish","type":"page","link":"http:\/\/tecnosub.com.br\/pb\/offshore\/pull-in-pull-out\/","title":{"rendered":"Pull in \/ Pull out"},"content":{"rendered":"<p><\/p>\n<p class=\"p1\"><span class=\"s1\">\u2022 <\/span>Manuten\u00e7\u00e3o e servi\u00e7o<\/p>\n<p><\/p>","protected":false},"excerpt":{"rendered":"<p>\u2022 Manuten\u00e7\u00e3o e servi\u00e7o<\/p>\n","protected":false},"author":1,"featured_media":0,"parent":24,"menu_order":0,"comment_status":"closed","ping_status":"closed","template":"template-fullwidth.php","meta":{"footnotes":""},"class_list":["post-56","page","type-page","status-publish","hentry"],"_links":{"self":[{"href":"http:\/\/tecnosub.com.br\/pb\/wp-json\/wp\/v2\/pages\/56","targetHints":{"allow":["GET"]}}],"collection":[{"href":"http:\/\/tecnosub.com.br\/pb\/wp-json\/wp\/v2\/pages"}],"about":[{"href":"http:\/\/tecnosub.com.br\/pb\/wp-json\/wp\/v2\/types\/page"}],"author":[{"embeddable":true,"href":"http:\/\/tecnosub.com.br\/pb\/wp-json\/wp\/v2\/users\/1"}],"replies":[{"embeddable":true,"href":"http:\/\/tecnosub.com.br\/pb\/wp-json\/wp\/v2\/comments?post=56"}],"version-history":[{"count":3,"href":"http:\/\/tecnosub.com.br\/pb\/wp-json\/wp\/v2\/pages\/56\/revisions"}],"predecessor-version":[{"id":59,"href":"http:\/\/tecnosub.com.br\/pb\/wp-json\/wp\/v2\/pages\/56\/revisions\/59"}],"up":[{"embeddable":true,"href":"http:\/\/tecnosub.com.br\/pb\/wp-json\/wp\/v2\/pages\/24"}],"wp:attachment":[{"href":"http:\/\/tecnosub.com.br\/pb\/wp-json\/wp\/v2\/media?parent=56"}],"curies":[{"name":"wp","href":"https:\/\/api.w.org\/{rel}","templated":true}]}}