{"id":19,"date":"2015-11-13T15:37:14","date_gmt":"2015-11-13T15:37:14","guid":{"rendered":"http:\/\/tecnosub.com.br\/?page_id=19"},"modified":"2018-04-26T23:04:22","modified_gmt":"2018-04-26T23:04:22","slug":"engenharia-civil","status":"publish","type":"page","link":"https:\/\/tecnosub.com.br\/pb\/engenharia-civil\/","title":{"rendered":"Engenharia Civil"},"content":{"rendered":"<p><a href=\"http:\/\/tecnosub.com.br\/wp-content\/uploads\/2015\/11\/GOPR8024.jpg\" rel=\"attachment wp-att-167\"><img loading=\"lazy\" decoding=\"async\" class=\"alignright wp-image-167\" title=\"Engenharia Civil\" src=\"http:\/\/tecnosub.com.br\/wp-content\/uploads\/2015\/11\/GOPR8024-1024x768.jpg\" alt=\"Engenharia Civil\" width=\"500\" height=\"375\" srcset=\"https:\/\/tecnosub.com.br\/wp-content\/uploads\/2015\/11\/GOPR8024-1024x768.jpg 1024w, https:\/\/tecnosub.com.br\/wp-content\/uploads\/2015\/11\/GOPR8024-300x225.jpg 300w, https:\/\/tecnosub.com.br\/wp-content\/uploads\/2015\/11\/GOPR8024-768x576.jpg 768w\" sizes=\"auto, (max-width: 500px) 100vw, 500px\" \/><\/a><\/p>\n<h3 class=\"p1\">Estudos e projetos<\/h3>\n<p class=\"p2\"><span class=\"s1\">\u2022 <\/span>Oleodutos e gasodutos submarinos<\/p>\n<p class=\"p2\"><span class=\"s1\">\u2022 <\/span>Laudos periciais<\/p>\n<p class=\"p2\"><span class=\"s1\">\u2022 <\/span>Levantamentos Topogr\u00e1ficos<\/p>\n<p class=\"p2\"><span class=\"s1\">\u2022 <\/span>Coleta de Material<\/p>\n<p class=\"p2\"><span class=\"s1\">\u2022 <\/span>Abrigo e acesso mar\u00edtimo (espig\u00e3o, molhe e quebra mar)<\/p>\n<p class=\"p2\"><span class=\"s1\">\u2022 <\/span>Obras de dragagem e derrocagem<\/p>\n<p class=\"p2\"><span class=\"s1\">\u2022 <\/span>Obras de drenagem e desobstru\u00e7\u00e3o<\/p>\n<p class=\"p2\"><span class=\"s1\">\u2022 <\/span>Barragens<\/p>\n<p class=\"p2\"><span class=\"s1\">\u2022 <\/span>Obras portu\u00e1rias (cais, dolfins, dolmans, enrocamentos)<\/p>\n<h3 class=\"p1\">Servi\u00e7os t\u00e9cnico-portu\u00e1rios<\/h3>\n<p class=\"p2\"><span class=\"s1\">\u2022 <\/span>Inspe\u00e7\u00e3o e vistoria de estruturas submersas (foto, v\u00eddeo e END)<\/p>\n<p class=\"p2\"><span class=\"s1\">\u2022 <\/span>Recupera\u00e7\u00e3o de Estacas<\/p>\n<p class=\"p2\"><span class=\"s1\">\u2022 <\/span>Revestimentos em Epoxi<\/p>\n<p class=\"p2\"><span class=\"s1\">\u2022 <\/span>Busca, remo\u00e7\u00e3o e salvamento de estruturas flutuantes<\/p>\n<p class=\"p2\"><span class=\"s1\">\u2022 <\/span>Dragagem subaqu\u00e1tica<\/p>\n<p class=\"p2\"><span class=\"s1\">\u2022 <\/span>Derrocagem a frio ou a fogo<\/p>\n<p class=\"p2\"><span class=\"s1\">\u2022 <\/span>Corte e solda subaqu\u00e1ticos e hiperb\u00e1ricos<\/p>\n<p class=\"p2\"><span class=\"s1\">\u2022 <\/span>Fiscaliza\u00e7\u00e3o e administra\u00e7\u00e3o de obras portu\u00e1rias<\/p>\n<h3 class=\"p1\">Sondagem<\/h3>\n<p class=\"p1\"><span class=\"s1\">\u2022 <\/span>SPT<\/p>\n<p class=\"p1\"><span class=\"s1\">\u2022 <\/span>Jet Probe<\/p>\n<p class=\"p1\"><span class=\"s1\">\u2022 <\/span>Vibra Core<\/p>\n<p class=\"p1\"><span class=\"s1\">\u2022 <\/span>CPTU<\/p>\n<p class=\"p1\"><span class=\"s1\">\u2022 <\/span>Rotativa<\/p>\n<p><\/p>","protected":false},"excerpt":{"rendered":"<p>Estudos e projetos \u2022 Oleodutos e gasodutos submarinos \u2022 Laudos periciais \u2022 Levantamentos Topogr\u00e1ficos \u2022 Coleta de Material \u2022 Abrigo e acesso mar\u00edtimo (espig\u00e3o, molhe e quebra mar) \u2022 Obras de dragagem e derrocagem \u2022 Obras de drenagem e desobstru\u00e7\u00e3o \u2022 Barragens \u2022 Obras portu\u00e1rias (cais, dolfins, dolmans, enrocamentos) Servi\u00e7os t\u00e9cnico-portu\u00e1rios \u2022 Inspe\u00e7\u00e3o e vistoria [&hellip;]<\/p>\n","protected":false},"author":1,"featured_media":229,"parent":0,"menu_order":0,"comment_status":"closed","ping_status":"closed","template":"template-fullwidth.php","meta":{"footnotes":""},"class_list":["post-19","page","type-page","status-publish","has-post-thumbnail","hentry"],"_links":{"self":[{"href":"https:\/\/tecnosub.com.br\/pb\/wp-json\/wp\/v2\/pages\/19","targetHints":{"allow":["GET"]}}],"collection":[{"href":"https:\/\/tecnosub.com.br\/pb\/wp-json\/wp\/v2\/pages"}],"about":[{"href":"https:\/\/tecnosub.com.br\/pb\/wp-json\/wp\/v2\/types\/page"}],"author":[{"embeddable":true,"href":"https:\/\/tecnosub.com.br\/pb\/wp-json\/wp\/v2\/users\/1"}],"replies":[{"embeddable":true,"href":"https:\/\/tecnosub.com.br\/pb\/wp-json\/wp\/v2\/comments?post=19"}],"version-history":[{"count":16,"href":"https:\/\/tecnosub.com.br\/pb\/wp-json\/wp\/v2\/pages\/19\/revisions"}],"predecessor-version":[{"id":292,"href":"https:\/\/tecnosub.com.br\/pb\/wp-json\/wp\/v2\/pages\/19\/revisions\/292"}],"wp:featuredmedia":[{"embeddable":true,"href":"https:\/\/tecnosub.com.br\/pb\/wp-json\/wp\/v2\/media\/229"}],"wp:attachment":[{"href":"https:\/\/tecnosub.com.br\/pb\/wp-json\/wp\/v2\/media?parent=19"}],"curies":[{"name":"wp","href":"https:\/\/api.w.org\/{rel}","templated":true}]}}