{"id":22,"date":"2015-11-13T15:37:58","date_gmt":"2015-11-13T15:37:58","guid":{"rendered":"http:\/\/tecnosub.com.br\/?page_id=22"},"modified":"2018-04-26T23:02:21","modified_gmt":"2018-04-26T23:02:21","slug":"onshore-2","status":"publish","type":"page","link":"https:\/\/tecnosub.com.br\/pb\/onshore-2\/","title":{"rendered":"Onshore"},"content":{"rendered":"<p><a href=\"http:\/\/tecnosub.com.br\/wp-content\/uploads\/2015\/11\/ONSHORE-INSPECAO-VISUAL-e1461609492264.jpg\" rel=\"attachment wp-att-163\"><img loading=\"lazy\" decoding=\"async\" class=\"alignright wp-image-163\" src=\"http:\/\/tecnosub.com.br\/wp-content\/uploads\/2015\/11\/ONSHORE-INSPECAO-VISUAL-e1461609492264.jpg\" alt=\"Inspecao visual\" width=\"500\" height=\"375\" \/><\/a><\/p>\n<h3 class=\"p1\">Servi\u00e7os de manuten\u00e7\u00e3o em navios\u00a0e plataformas<\/h3>\n<p class=\"p2\"><span class=\"s1\">\u2022 <\/span>Servi\u00e7os de limpeza em obras vivas de navios e plataformas<\/p>\n<p class=\"p2\"><span class=\"s1\">\u2022 <\/span>Substitui\u00e7\u00e3o de anodos<\/p>\n<p class=\"p2\"><span class=\"s1\">\u2022 <\/span>Reparos em h\u00e9lice, leme, guarda-cabo<\/p>\n<p class=\"p2\"><span class=\"s1\">\u2022 <\/span>Reparos e substitui\u00e7\u00e3o de propulsores (Thruster)<\/p>\n<p class=\"p2\"><span class=\"s1\">\u2022 <\/span>Tamponamento<\/p>\n<p class=\"p2\"><span class=\"s1\">\u2022 <\/span>Bujonamento<\/p>\n<p class=\"p2\"><span class=\"s1\">\u2022 <\/span>Engaxetamento<\/p>\n<p class=\"p2\"><span class=\"s1\">\u2022 <\/span>Corte e solda<\/p>\n<p class=\"p2\"><span class=\"s1\">\u2022 <\/span>Vistoria e laudo para substitui\u00e7\u00e3o e extens\u00e3o de docagem<\/p>\n<p class=\"p2\"><span class=\"s1\">\u2022 <\/span>Inspe\u00e7\u00f5es em cascos, estruturas subaqu\u00e1ticas e propulsores\u00a0(foto, v\u00eddeo e END)<\/p>\n<p class=\"p2\"><span class=\"s1\">\u2022 <\/span>Medi\u00e7\u00f5es de folga do leme e simplex<\/p>\n<p class=\"p2\"><span class=\"s1\">\u2022 <\/span>Salvatagem<\/p>\n<p class=\"p2\"><span class=\"s1\">\u2022 <\/span>Inspe\u00e7\u00f5es subaqu\u00e1ticas de navios e plataformas (foto, v\u00eddeo e\u00a0END)<\/p>\n<p class=\"p2\"><span class=\"s1\">\u2022 <\/span>Manuten\u00e7\u00e3o, corte e solda de estruturas subaqu\u00e1ticas<\/p>\n<p class=\"p2\"><span class=\"s1\">\u2022 <\/span>Montagens subaqu\u00e1ticas<\/p>\n<p><\/p>","protected":false},"excerpt":{"rendered":"<p>Servi\u00e7os de manuten\u00e7\u00e3o em navios\u00a0e plataformas \u2022 Servi\u00e7os de limpeza em obras vivas de navios e plataformas \u2022 Substitui\u00e7\u00e3o de anodos \u2022 Reparos em h\u00e9lice, leme, guarda-cabo \u2022 Reparos e substitui\u00e7\u00e3o de propulsores (Thruster) \u2022 Tamponamento \u2022 Bujonamento \u2022 Engaxetamento \u2022 Corte e solda \u2022 Vistoria e laudo para substitui\u00e7\u00e3o e extens\u00e3o de docagem \u2022 [&hellip;]<\/p>\n","protected":false},"author":1,"featured_media":0,"parent":0,"menu_order":0,"comment_status":"closed","ping_status":"closed","template":"template-fullwidth.php","meta":{"footnotes":""},"class_list":["post-22","page","type-page","status-publish","hentry"],"_links":{"self":[{"href":"https:\/\/tecnosub.com.br\/pb\/wp-json\/wp\/v2\/pages\/22","targetHints":{"allow":["GET"]}}],"collection":[{"href":"https:\/\/tecnosub.com.br\/pb\/wp-json\/wp\/v2\/pages"}],"about":[{"href":"https:\/\/tecnosub.com.br\/pb\/wp-json\/wp\/v2\/types\/page"}],"author":[{"embeddable":true,"href":"https:\/\/tecnosub.com.br\/pb\/wp-json\/wp\/v2\/users\/1"}],"replies":[{"embeddable":true,"href":"https:\/\/tecnosub.com.br\/pb\/wp-json\/wp\/v2\/comments?post=22"}],"version-history":[{"count":10,"href":"https:\/\/tecnosub.com.br\/pb\/wp-json\/wp\/v2\/pages\/22\/revisions"}],"predecessor-version":[{"id":288,"href":"https:\/\/tecnosub.com.br\/pb\/wp-json\/wp\/v2\/pages\/22\/revisions\/288"}],"wp:attachment":[{"href":"https:\/\/tecnosub.com.br\/pb\/wp-json\/wp\/v2\/media?parent=22"}],"curies":[{"name":"wp","href":"https:\/\/api.w.org\/{rel}","templated":true}]}}