{"id":24,"date":"2015-11-13T15:38:17","date_gmt":"2015-11-13T15:38:17","guid":{"rendered":"http:\/\/tecnosub.com.br\/?page_id=24"},"modified":"2018-05-05T16:27:20","modified_gmt":"2018-05-05T16:27:20","slug":"offshore","status":"publish","type":"page","link":"https:\/\/tecnosub.com.br\/pb\/offshore\/","title":{"rendered":"Offshore"},"content":{"rendered":"<p><a href=\"http:\/\/tecnosub.com.br\/wp-content\/uploads\/2015\/11\/GOPR0005.jpg\" rel=\"attachment wp-att-173\"><img loading=\"lazy\" decoding=\"async\" class=\"alignright wp-image-173\" src=\"http:\/\/tecnosub.com.br\/wp-content\/uploads\/2015\/11\/GOPR0005-1024x768.jpg\" alt=\"Offshore\" width=\"500\" height=\"375\" srcset=\"https:\/\/tecnosub.com.br\/wp-content\/uploads\/2015\/11\/GOPR0005-1024x768.jpg 1024w, https:\/\/tecnosub.com.br\/wp-content\/uploads\/2015\/11\/GOPR0005-300x225.jpg 300w, https:\/\/tecnosub.com.br\/wp-content\/uploads\/2015\/11\/GOPR0005-768x576.jpg 768w\" sizes=\"auto, (max-width: 500px) 100vw, 500px\" \/><\/a><\/p>\n<h3 class=\"p1\">Ensaios n\u00e3o destrutivos<\/h3>\n<p class=\"p2\"><span class=\"s1\">\u2022 <\/span>Inspe\u00e7\u00f5es subaqu\u00e1ticas de navios e plataformas (foto, v\u00eddeo e\u00a0END)<\/p>\n<p class=\"p2\"><span class=\"s1\">\u2022 <\/span>Instala\u00e7\u00e3o, inspe\u00e7\u00e3o, troca e manuten\u00e7\u00e3o de mangotes flex\u00edveis\u00a0para transfer\u00eancia de produ\u00e7\u00e3o<\/p>\n<p class=\"p2\"><span class=\"s1\">\u2022 <\/span>Manuten\u00e7\u00e3o de terminais oce\u00e2nicos<\/p>\n<p class=\"p2\"><span class=\"s1\">\u2022 <\/span>Servi\u00e7os em monoboias<\/p>\n<p class=\"p2\"><span class=\"s1\">\u2022 <\/span>Montagens subaqu\u00e1ticas<\/p>\n<p class=\"p2\"><span class=\"s1\">\u2022 <\/span>Manuten\u00e7\u00e3o de corte e solda de estruturas subaqu\u00e1ticas<\/p>\n<p class=\"p2\"><span class=\"s1\">\u2022 <\/span>Troca e manuten\u00e7\u00e3o de propulsores (Thruster)<\/p>\n<p class=\"p2\"><a href=\"http:\/\/tecnosub.com.br\/pb\/offshore\/portugues-limpezas\/\" rel=\"noopener\">Limpezas<\/a><\/p>\n<p class=\"p2\"><a href=\"http:\/\/tecnosub.com.br\/pb\/offshore\/portugues-reparos-estruturais\/\" rel=\"noopener\">Reparos estruturais<\/a><\/p>\n<p class=\"p2\"><a href=\"http:\/\/tecnosub.com.br\/pb\/offshore\/pull-in-pull-out\/\" rel=\"noopener\">Pull In \/ Pull Out<\/a><\/p>\n<p><\/p>","protected":false},"excerpt":{"rendered":"<p>Ensaios n\u00e3o destrutivos \u2022 Inspe\u00e7\u00f5es subaqu\u00e1ticas de navios e plataformas (foto, v\u00eddeo e\u00a0END) \u2022 Instala\u00e7\u00e3o, inspe\u00e7\u00e3o, troca e manuten\u00e7\u00e3o de mangotes flex\u00edveis\u00a0para transfer\u00eancia de produ\u00e7\u00e3o \u2022 Manuten\u00e7\u00e3o de terminais oce\u00e2nicos \u2022 Servi\u00e7os em monoboias \u2022 Montagens subaqu\u00e1ticas \u2022 Manuten\u00e7\u00e3o de corte e solda de estruturas subaqu\u00e1ticas \u2022 Troca e manuten\u00e7\u00e3o de propulsores (Thruster) Limpezas Reparos [&hellip;]<\/p>\n","protected":false},"author":1,"featured_media":0,"parent":0,"menu_order":0,"comment_status":"closed","ping_status":"closed","template":"template-fullwidth.php","meta":{"footnotes":""},"class_list":["post-24","page","type-page","status-publish","hentry"],"_links":{"self":[{"href":"https:\/\/tecnosub.com.br\/pb\/wp-json\/wp\/v2\/pages\/24","targetHints":{"allow":["GET"]}}],"collection":[{"href":"https:\/\/tecnosub.com.br\/pb\/wp-json\/wp\/v2\/pages"}],"about":[{"href":"https:\/\/tecnosub.com.br\/pb\/wp-json\/wp\/v2\/types\/page"}],"author":[{"embeddable":true,"href":"https:\/\/tecnosub.com.br\/pb\/wp-json\/wp\/v2\/users\/1"}],"replies":[{"embeddable":true,"href":"https:\/\/tecnosub.com.br\/pb\/wp-json\/wp\/v2\/comments?post=24"}],"version-history":[{"count":16,"href":"https:\/\/tecnosub.com.br\/pb\/wp-json\/wp\/v2\/pages\/24\/revisions"}],"predecessor-version":[{"id":305,"href":"https:\/\/tecnosub.com.br\/pb\/wp-json\/wp\/v2\/pages\/24\/revisions\/305"}],"wp:attachment":[{"href":"https:\/\/tecnosub.com.br\/pb\/wp-json\/wp\/v2\/media?parent=24"}],"curies":[{"name":"wp","href":"https:\/\/api.w.org\/{rel}","templated":true}]}}