{"id":26,"date":"2015-11-13T15:38:35","date_gmt":"2015-11-13T15:38:35","guid":{"rendered":"http:\/\/tecnosub.com.br\/?page_id=26"},"modified":"2018-04-26T23:05:09","modified_gmt":"2018-04-26T23:05:09","slug":"rov","status":"publish","type":"page","link":"https:\/\/tecnosub.com.br\/pb\/rov\/","title":{"rendered":"ROV"},"content":{"rendered":"<p><a href=\"http:\/\/tecnosub.com.br\/wp-content\/uploads\/2015\/11\/Captura-de-tela-2015-04-13-11.03.00.png\" rel=\"attachment wp-att-170\"><img loading=\"lazy\" decoding=\"async\" class=\"alignright wp-image-170\" src=\"http:\/\/tecnosub.com.br\/wp-content\/uploads\/2015\/11\/Captura-de-tela-2015-04-13-11.03.00-1024x576.png\" alt=\"ROV\" width=\"500\" height=\"281\" srcset=\"https:\/\/tecnosub.com.br\/wp-content\/uploads\/2015\/11\/Captura-de-tela-2015-04-13-11.03.00-1024x576.png 1024w, https:\/\/tecnosub.com.br\/wp-content\/uploads\/2015\/11\/Captura-de-tela-2015-04-13-11.03.00-300x169.png 300w, https:\/\/tecnosub.com.br\/wp-content\/uploads\/2015\/11\/Captura-de-tela-2015-04-13-11.03.00-768x432.png 768w, https:\/\/tecnosub.com.br\/wp-content\/uploads\/2015\/11\/Captura-de-tela-2015-04-13-11.03.00.png 1600w\" sizes=\"auto, (max-width: 500px) 100vw, 500px\" \/><\/a><\/p>\n<p class=\"p1\"><span class=\"s1\">ROV \u00e9 a sigla de Remotely Operated Underwater Vehicle\u00a0(ve\u00edculo submarino operado remotamente), este pequeno<\/span><\/p>\n<p class=\"p1\"><span class=\"s1\">rob\u00f4 significa praticidade, rapidez, mobilidade e seguran\u00e7a,\u00a0j\u00e1 que \u00e9 totalmente operado da superf\u00edcie. Este equipamento<\/span><\/p>\n<p class=\"p1\"><span class=\"s1\">\u00e9 muito \u00fatil quando existe a necessidade de acessar\u00a0grandes profundidades, locais de dif\u00edcil acesso ou por\u00a0quest\u00f5es de seguran\u00e7a e log\u00edstica. Veja abaixo um pouco\u00a0do que este equipamento pode fazer por sua necessidade:<\/span><\/p>\n<p class=\"p1\">Inspe\u00e7\u00f5es<\/p>\n<p class=\"p2\"><span class=\"s1\">\u2022 <\/span>Tubula\u00e7\u00f5es<\/p>\n<p class=\"p2\"><span class=\"s1\">\u2022 <\/span>Navios<\/p>\n<p class=\"p2\"><span class=\"s1\">\u2022 <\/span>Estruturas<\/p>\n<h3 class=\"p1\">Mergulho em ambientes confinados\u00a0ou em \u00e1guas contaminadas<\/h3>\n<p class=\"p2\"><span class=\"s1\">\u2022 <\/span>Opera\u00e7\u00e3o at\u00e9 350 m de profundidade<\/p>\n<p><\/p>","protected":false},"excerpt":{"rendered":"<p>ROV \u00e9 a sigla de Remotely Operated Underwater Vehicle\u00a0(ve\u00edculo submarino operado remotamente), este pequeno rob\u00f4 significa praticidade, rapidez, mobilidade e seguran\u00e7a,\u00a0j\u00e1 que \u00e9 totalmente operado da superf\u00edcie. Este equipamento \u00e9 muito \u00fatil quando existe a necessidade de acessar\u00a0grandes profundidades, locais de dif\u00edcil acesso ou por\u00a0quest\u00f5es de seguran\u00e7a e log\u00edstica. Veja abaixo um pouco\u00a0do que este [&hellip;]<\/p>\n","protected":false},"author":1,"featured_media":0,"parent":0,"menu_order":0,"comment_status":"closed","ping_status":"closed","template":"template-fullwidth.php","meta":{"footnotes":""},"class_list":["post-26","page","type-page","status-publish","hentry"],"_links":{"self":[{"href":"https:\/\/tecnosub.com.br\/pb\/wp-json\/wp\/v2\/pages\/26","targetHints":{"allow":["GET"]}}],"collection":[{"href":"https:\/\/tecnosub.com.br\/pb\/wp-json\/wp\/v2\/pages"}],"about":[{"href":"https:\/\/tecnosub.com.br\/pb\/wp-json\/wp\/v2\/types\/page"}],"author":[{"embeddable":true,"href":"https:\/\/tecnosub.com.br\/pb\/wp-json\/wp\/v2\/users\/1"}],"replies":[{"embeddable":true,"href":"https:\/\/tecnosub.com.br\/pb\/wp-json\/wp\/v2\/comments?post=26"}],"version-history":[{"count":11,"href":"https:\/\/tecnosub.com.br\/pb\/wp-json\/wp\/v2\/pages\/26\/revisions"}],"predecessor-version":[{"id":294,"href":"https:\/\/tecnosub.com.br\/pb\/wp-json\/wp\/v2\/pages\/26\/revisions\/294"}],"wp:attachment":[{"href":"https:\/\/tecnosub.com.br\/pb\/wp-json\/wp\/v2\/media?parent=26"}],"curies":[{"name":"wp","href":"https:\/\/api.w.org\/{rel}","templated":true}]}}