{"id":81,"date":"2015-11-16T15:43:19","date_gmt":"2015-11-16T15:43:19","guid":{"rendered":"http:\/\/tecnosub.com.br\/?page_id=81"},"modified":"2018-04-26T23:06:09","modified_gmt":"2018-04-26T23:06:09","slug":"portugues-servicos-especiais","status":"publish","type":"page","link":"https:\/\/tecnosub.com.br\/pb\/portugues-servicos-especiais\/","title":{"rendered":"Servi\u00e7os Especiais"},"content":{"rendered":"<p><a href=\"http:\/\/tecnosub.com.br\/wp-content\/uploads\/2015\/11\/constremac-139.jpg\" rel=\"attachment wp-att-176\"><img loading=\"lazy\" decoding=\"async\" class=\"alignright wp-image-176\" title=\"Realizando Servicos Especiais\" src=\"http:\/\/tecnosub.com.br\/wp-content\/uploads\/2015\/11\/constremac-139-576x1024.jpg\" alt=\"Servicos especiais\" width=\"300\" height=\"533\" srcset=\"https:\/\/tecnosub.com.br\/wp-content\/uploads\/2015\/11\/constremac-139-576x1024.jpg 576w, https:\/\/tecnosub.com.br\/wp-content\/uploads\/2015\/11\/constremac-139-169x300.jpg 169w, https:\/\/tecnosub.com.br\/wp-content\/uploads\/2015\/11\/constremac-139-768x1365.jpg 768w, https:\/\/tecnosub.com.br\/wp-content\/uploads\/2015\/11\/constremac-139.jpg 1836w\" sizes=\"auto, (max-width: 300px) 100vw, 300px\" \/><\/a><\/p>\n<p class=\"p1\">A <span class=\"s1\">Tecnosub <\/span>tem como grande diferencial estudar a\u00a0necessidade de cada cliente e viabilizar a solu\u00e7\u00e3o adequada\u00a0para cada trabalho. Em caso de d\u00favida ou necessidade\u00a0de servi\u00e7os especiais, consulte-nos a respeito\u00a0de solu\u00e7\u00f5es t\u00e9cnicas.Nossa equipe de profissionais est\u00e1\u00a0pronta para orientar a sua empresa na hora de escolher\u00a0o servi\u00e7o mais inteligente, adequado e seguro.<\/p>\n<p class=\"p1\">Alguns problemas n\u00e3o t\u00eam solu\u00e7\u00f5es pr\u00e9-moldadas, por\u00a0este motivo, \u00e9 preciso ter a parceria de uma empresa\u00a0experiente, certificada e treinada, como a <span class=\"s1\">Tecnosub.<\/span><\/p>\n<p><\/p>","protected":false},"excerpt":{"rendered":"<p>A Tecnosub tem como grande diferencial estudar a\u00a0necessidade de cada cliente e viabilizar a solu\u00e7\u00e3o adequada\u00a0para cada trabalho. Em caso de d\u00favida ou necessidade\u00a0de servi\u00e7os especiais, consulte-nos a respeito\u00a0de solu\u00e7\u00f5es t\u00e9cnicas.Nossa equipe de profissionais est\u00e1\u00a0pronta para orientar a sua empresa na hora de escolher\u00a0o servi\u00e7o mais inteligente, adequado e seguro. Alguns problemas n\u00e3o t\u00eam solu\u00e7\u00f5es [&hellip;]<\/p>\n","protected":false},"author":1,"featured_media":0,"parent":0,"menu_order":0,"comment_status":"closed","ping_status":"closed","template":"template-fullwidth.php","meta":{"footnotes":""},"class_list":["post-81","page","type-page","status-publish","hentry"],"_links":{"self":[{"href":"https:\/\/tecnosub.com.br\/pb\/wp-json\/wp\/v2\/pages\/81","targetHints":{"allow":["GET"]}}],"collection":[{"href":"https:\/\/tecnosub.com.br\/pb\/wp-json\/wp\/v2\/pages"}],"about":[{"href":"https:\/\/tecnosub.com.br\/pb\/wp-json\/wp\/v2\/types\/page"}],"author":[{"embeddable":true,"href":"https:\/\/tecnosub.com.br\/pb\/wp-json\/wp\/v2\/users\/1"}],"replies":[{"embeddable":true,"href":"https:\/\/tecnosub.com.br\/pb\/wp-json\/wp\/v2\/comments?post=81"}],"version-history":[{"count":10,"href":"https:\/\/tecnosub.com.br\/pb\/wp-json\/wp\/v2\/pages\/81\/revisions"}],"predecessor-version":[{"id":296,"href":"https:\/\/tecnosub.com.br\/pb\/wp-json\/wp\/v2\/pages\/81\/revisions\/296"}],"wp:attachment":[{"href":"https:\/\/tecnosub.com.br\/pb\/wp-json\/wp\/v2\/media?parent=81"}],"curies":[{"name":"wp","href":"https:\/\/api.w.org\/{rel}","templated":true}]}}